{"id":1871,"date":"2023-12-11T16:08:58","date_gmt":"2023-12-11T16:08:58","guid":{"rendered":"https:\/\/jacolombia.org\/?page_id=1871"},"modified":"2024-03-15T18:40:57","modified_gmt":"2024-03-15T18:40:57","slug":"donaciones","status":"publish","type":"page","link":"https:\/\/jacolombia.org\/en\/donaciones\/","title":{"rendered":"Donations"},"content":{"rendered":"<div data-elementor-type=\"wp-page\" data-elementor-id=\"1871\" class=\"elementor elementor-1871\">\n\t\t\t\t<div class=\"elementor-element elementor-element-6bc9d7a5 e-flex e-con-boxed e-con e-parent\" data-id=\"6bc9d7a5\" data-element_type=\"container\" data-e-type=\"container\" data-settings=\"{&quot;background_background&quot;:&quot;classic&quot;}\">\n\t\t\t\t\t<div class=\"e-con-inner\">\n\t\t<div class=\"elementor-element elementor-element-55909497 e-con-full e-flex e-con e-child\" data-id=\"55909497\" data-element_type=\"container\" data-e-type=\"container\">\n\t\t\t\t<div class=\"elementor-element elementor-element-18977987 elementor-widget elementor-widget-heading\" data-id=\"18977987\" data-element_type=\"widget\" data-e-type=\"widget\" data-widget_type=\"heading.default\">\n\t\t\t\t<div class=\"elementor-widget-container\">\n\t\t\t\t\t<h1 class=\"elementor-heading-title elementor-size-default\">A Decision to Change Lives<\/h1>\t\t\t\t<\/div>\n\t\t\t\t<\/div>\n\t\t\t\t<\/div>\n\t\t<div class=\"elementor-element elementor-element-707fb778 e-con-full e-flex e-con e-child\" data-id=\"707fb778\" data-element_type=\"container\" data-e-type=\"container\">\n\t\t\t\t<div class=\"elementor-element elementor-element-2cb4169 elementor-widget elementor-widget-text-editor\" data-id=\"2cb4169\" data-element_type=\"widget\" data-e-type=\"widget\" data-widget_type=\"text-editor.default\">\n\t\t\t\t<div class=\"elementor-widget-container\">\n\t\t\t\t\t\t\t\t\t<p>Your donation allows us to provide children and young people with the tools to take control of their destiny and change their future.\u00a0<\/p>\t\t\t\t\t\t\t\t<\/div>\n\t\t\t\t<\/div>\n\t\t\t\t<div class=\"elementor-element elementor-element-1418dab4 elementor-widget elementor-widget-button\" data-id=\"1418dab4\" data-element_type=\"widget\" data-e-type=\"widget\" data-widget_type=\"button.default\">\n\t\t\t\t<div class=\"elementor-widget-container\">\n\t\t\t\t\t\t\t\t\t<div class=\"elementor-button-wrapper\">\n\t\t\t\t\t<a class=\"elementor-button elementor-button-link elementor-size-sm elementor-animation-grow\" href=\"#\">\n\t\t\t\t\t\t<span class=\"elementor-button-content-wrapper\">\n\t\t\t\t\t\t\t\t\t<span class=\"elementor-button-text\">Make a Donation<\/span>\n\t\t\t\t\t<\/span>\n\t\t\t\t\t<\/a>\n\t\t\t\t<\/div>\n\t\t\t\t\t\t\t\t<\/div>\n\t\t\t\t<\/div>\n\t\t\t\t<\/div>\n\t\t\t\t\t<\/div>\n\t\t\t\t<\/div>\n\t\t<div class=\"elementor-element elementor-element-5e11bf60 e-flex e-con-boxed e-con e-parent\" data-id=\"5e11bf60\" data-element_type=\"container\" data-e-type=\"container\" data-settings=\"{&quot;background_background&quot;:&quot;classic&quot;}\">\n\t\t\t\t\t<div class=\"e-con-inner\">\n\t\t<div class=\"elementor-element elementor-element-19932a4 e-con-full e-transform elementor-hidden-mobile e-flex e-con e-child\" data-id=\"19932a4\" data-element_type=\"container\" data-e-type=\"container\" data-settings=\"{&quot;background_background&quot;:&quot;classic&quot;,&quot;_transform_scale_effect_hover&quot;:{&quot;unit&quot;:&quot;px&quot;,&quot;size&quot;:0.9,&quot;sizes&quot;:[]},&quot;_transform_scale_effect_hover_tablet&quot;:{&quot;unit&quot;:&quot;px&quot;,&quot;size&quot;:&quot;&quot;,&quot;sizes&quot;:[]},&quot;_transform_scale_effect_hover_mobile&quot;:{&quot;unit&quot;:&quot;px&quot;,&quot;size&quot;:&quot;&quot;,&quot;sizes&quot;:[]}}\">\n\t\t\t\t<\/div>\n\t\t<div class=\"elementor-element elementor-element-4adbca0 e-con-full e-transform elementor-hidden-mobile e-flex e-con e-child\" data-id=\"4adbca0\" data-element_type=\"container\" data-e-type=\"container\" data-settings=\"{&quot;background_background&quot;:&quot;classic&quot;,&quot;_transform_scale_effect_hover&quot;:{&quot;unit&quot;:&quot;px&quot;,&quot;size&quot;:0.9,&quot;sizes&quot;:[]},&quot;_transform_scale_effect_hover_tablet&quot;:{&quot;unit&quot;:&quot;px&quot;,&quot;size&quot;:&quot;&quot;,&quot;sizes&quot;:[]},&quot;_transform_scale_effect_hover_mobile&quot;:{&quot;unit&quot;:&quot;px&quot;,&quot;size&quot;:&quot;&quot;,&quot;sizes&quot;:[]}}\">\n\t\t\t\t<\/div>\n\t\t<div class=\"elementor-element elementor-element-5c605c1 e-con-full e-flex e-con e-child\" data-id=\"5c605c1\" data-element_type=\"container\" data-e-type=\"container\">\n\t\t\t\t<div class=\"elementor-element elementor-element-933f5a5 elementor-widget elementor-widget-text-editor\" data-id=\"933f5a5\" data-element_type=\"widget\" data-e-type=\"widget\" data-widget_type=\"text-editor.default\">\n\t\t\t\t<div class=\"elementor-widget-container\">\n\t\t\t\t\t\t\t\t\t<p>By developing skills and fostering self-confidence, we prepare young people for the workforce, teach them to think entrepreneurially, and ensure they have the tools to be financially capable adults. Reaching over 10 million students each year, JA is one of the few organizations with the scale, expertise, and passion needed to build a more promising future for young people worldwide.<\/p>\t\t\t\t\t\t\t\t<\/div>\n\t\t\t\t<\/div>\n\t\t\t\t<\/div>\n\t\t\t\t\t<\/div>\n\t\t\t\t<\/div>\n\t\t<div class=\"elementor-element elementor-element-4f4405a e-flex e-con-boxed e-con e-parent\" data-id=\"4f4405a\" data-element_type=\"container\" data-e-type=\"container\" data-settings=\"{&quot;background_background&quot;:&quot;classic&quot;}\">\n\t\t\t\t\t<div class=\"e-con-inner\">\n\t\t<div class=\"elementor-element elementor-element-b7929c6 e-con-full e-flex e-con e-child\" data-id=\"b7929c6\" data-element_type=\"container\" data-e-type=\"container\">\n\t\t\t\t<div class=\"elementor-element elementor-element-3e5df56 elementor-widget elementor-widget-text-path\" data-id=\"3e5df56\" data-element_type=\"widget\" data-e-type=\"widget\" data-settings=\"{&quot;text&quot;:&quot;YAY! JA\\u2022 Gracias \\u2022 Thank You \\u2022&quot;,&quot;align&quot;:&quot;center&quot;,&quot;link&quot;:{&quot;url&quot;:&quot;&quot;,&quot;is_external&quot;:&quot;&quot;,&quot;nofollow&quot;:&quot;&quot;,&quot;custom_attributes&quot;:&quot;&quot;},&quot;start_point&quot;:{&quot;unit&quot;:&quot;%&quot;,&quot;size&quot;:0,&quot;sizes&quot;:[]}}\" data-widget_type=\"text-path.default\">\n\t\t\t\t<div class=\"elementor-widget-container\">\n\t\t\t\t\t\t\t<div class=\"e-text-path\" data-text=\"YAY! JA&bull; Gracias &bull; Thank You &bull;\" data-url=\"\/\/jacolombia.org\/wp-content\/plugins\/elementor\/assets\/svg-paths\/wave.svg\" data-link-url=\"\"><\/div>\n\t\t\t\t\t\t<\/div>\n\t\t\t\t<\/div>\n\t\t\t\t<\/div>\n\t\t\t\t\t<\/div>\n\t\t\t\t<\/div>\n\t\t<div class=\"elementor-element elementor-element-3c0b83b e-flex e-con-boxed e-con e-parent\" data-id=\"3c0b83b\" data-element_type=\"container\" data-e-type=\"container\" data-settings=\"{&quot;background_background&quot;:&quot;classic&quot;}\">\n\t\t\t\t\t<div class=\"e-con-inner\">\n\t\t<div class=\"elementor-element elementor-element-fec2350 e-con-full e-transform e-flex e-con e-child\" data-id=\"fec2350\" data-element_type=\"container\" data-e-type=\"container\" data-settings=\"{&quot;background_background&quot;:&quot;classic&quot;,&quot;_transform_scale_effect_hover&quot;:{&quot;unit&quot;:&quot;px&quot;,&quot;size&quot;:0.9,&quot;sizes&quot;:[]},&quot;_transform_scale_effect_hover_tablet&quot;:{&quot;unit&quot;:&quot;px&quot;,&quot;size&quot;:&quot;&quot;,&quot;sizes&quot;:[]},&quot;_transform_scale_effect_hover_mobile&quot;:{&quot;unit&quot;:&quot;px&quot;,&quot;size&quot;:&quot;&quot;,&quot;sizes&quot;:[]}}\">\n\t\t\t\t<\/div>\n\t\t<div class=\"elementor-element elementor-element-bcdfc4f e-con-full e-transform e-flex e-con e-child\" data-id=\"bcdfc4f\" data-element_type=\"container\" data-e-type=\"container\" data-settings=\"{&quot;background_background&quot;:&quot;classic&quot;,&quot;_transform_scale_effect_hover&quot;:{&quot;unit&quot;:&quot;px&quot;,&quot;size&quot;:0.9,&quot;sizes&quot;:[]},&quot;_transform_scale_effect_hover_tablet&quot;:{&quot;unit&quot;:&quot;px&quot;,&quot;size&quot;:&quot;&quot;,&quot;sizes&quot;:[]},&quot;_transform_scale_effect_hover_mobile&quot;:{&quot;unit&quot;:&quot;px&quot;,&quot;size&quot;:&quot;&quot;,&quot;sizes&quot;:[]}}\">\n\t\t\t\t<\/div>\n\t\t<div class=\"elementor-element elementor-element-ef8afd5 e-con-full e-flex e-con e-child\" data-id=\"ef8afd5\" data-element_type=\"container\" data-e-type=\"container\">\n\t\t\t\t<div class=\"elementor-element elementor-element-1890fc9 elementor-widget elementor-widget-text-editor\" data-id=\"1890fc9\" data-element_type=\"widget\" data-e-type=\"widget\" data-widget_type=\"text-editor.default\">\n\t\t\t\t<div class=\"elementor-widget-container\">\n\t\t\t\t\t\t\t\t\t<p>JA Colombia is committed to transforming the lives of young people through entrepreneurial education.\u00a0<\/p>\t\t\t\t\t\t\t\t<\/div>\n\t\t\t\t<\/div>\n\t\t\t\t<div class=\"elementor-element elementor-element-818aef9 elementor-widget elementor-widget-button\" data-id=\"818aef9\" data-element_type=\"widget\" data-e-type=\"widget\" data-widget_type=\"button.default\">\n\t\t\t\t<div class=\"elementor-widget-container\">\n\t\t\t\t\t\t\t\t\t<div class=\"elementor-button-wrapper\">\n\t\t\t\t\t<a class=\"elementor-button elementor-button-link elementor-size-sm elementor-animation-grow\" href=\"#\">\n\t\t\t\t\t\t<span class=\"elementor-button-content-wrapper\">\n\t\t\t\t\t\t\t\t\t<span class=\"elementor-button-text\">Make a Change<\/span>\n\t\t\t\t\t<\/span>\n\t\t\t\t\t<\/a>\n\t\t\t\t<\/div>\n\t\t\t\t\t\t\t\t<\/div>\n\t\t\t\t<\/div>\n\t\t\t\t<\/div>\n\t\t\t\t\t<\/div>\n\t\t\t\t<\/div>\n\t\t\t\t<\/div>","protected":false},"excerpt":{"rendered":"<p>Una decisi\u00f3n de cambiar vidas Tus donaci\u00f3n nos permite darle las herramientas a ni\u00f1os y j\u00f3venes para que tomen las riendas de su destino y cambien su futuro.\u00a0 Hacer una donaci\u00f3n Al desarrollar habilidades y fomentar la autoconfianza, preparamos a los j\u00f3venes para el futuro laboral, les ense\u00f1amos a pensar de manera emprendedora y nos [&hellip;]<\/p>\n","protected":false},"author":1,"featured_media":0,"parent":0,"menu_order":0,"comment_status":"closed","ping_status":"closed","template":"","meta":{"site-sidebar-layout":"no-sidebar","site-content-layout":"page-builder","ast-site-content-layout":"full-width-container","site-content-style":"default","site-sidebar-style":"default","ast-global-header-display":"","ast-banner-title-visibility":"","ast-main-header-display":"","ast-hfb-above-header-display":"","ast-hfb-below-header-display":"","ast-hfb-mobile-header-display":"","site-post-title":"disabled","ast-breadcrumbs-content":"","ast-featured-img":"disabled","footer-sml-layout":"","ast-disable-related-posts":"","theme-transparent-header-meta":"","adv-header-id-meta":"","stick-header-meta":"","header-above-stick-meta":"","header-main-stick-meta":"","header-below-stick-meta":"","astra-migrate-meta-layouts":"set","ast-page-background-enabled":"default","ast-page-background-meta":{"desktop":{"background-color":"","background-image":"","background-repeat":"repeat","background-position":"center center","background-size":"auto","background-attachment":"scroll","background-type":"","background-media":"","overlay-type":"","overlay-color":"","overlay-opacity":"","overlay-gradient":""},"tablet":{"background-color":"","background-image":"","background-repeat":"repeat","background-position":"center center","background-size":"auto","background-attachment":"scroll","background-type":"","background-media":"","overlay-type":"","overlay-color":"","overlay-opacity":"","overlay-gradient":""},"mobile":{"background-color":"","background-image":"","background-repeat":"repeat","background-position":"center center","background-size":"auto","background-attachment":"scroll","background-type":"","background-media":"","overlay-type":"","overlay-color":"","overlay-opacity":"","overlay-gradient":""}},"ast-content-background-meta":{"desktop":{"background-color":"var(--ast-global-color-5)","background-image":"","background-repeat":"repeat","background-position":"center center","background-size":"auto","background-attachment":"scroll","background-type":"","background-media":"","overlay-type":"","overlay-color":"","overlay-opacity":"","overlay-gradient":""},"tablet":{"background-color":"var(--ast-global-color-5)","background-image":"","background-repeat":"repeat","background-position":"center center","background-size":"auto","background-attachment":"scroll","background-type":"","background-media":"","overlay-type":"","overlay-color":"","overlay-opacity":"","overlay-gradient":""},"mobile":{"background-color":"var(--ast-global-color-5)","background-image":"","background-repeat":"repeat","background-position":"center center","background-size":"auto","background-attachment":"scroll","background-type":"","background-media":"","overlay-type":"","overlay-color":"","overlay-opacity":"","overlay-gradient":""}},"footnotes":""},"class_list":["post-1871","page","type-page","status-publish","hentry"],"yoast_head":"<!-- This site is optimized with the Yoast SEO plugin v27.4 - https:\/\/yoast.com\/product\/yoast-seo-wordpress\/ -->\n<title>Donaciones - JA Colombia<\/title>\n<meta name=\"robots\" content=\"index, follow, max-snippet:-1, max-image-preview:large, max-video-preview:-1\" \/>\n<link rel=\"canonical\" href=\"https:\/\/jacolombia.org\/en\/donaciones\/\" \/>\n<meta property=\"og:locale\" content=\"en_US\" \/>\n<meta property=\"og:type\" content=\"article\" \/>\n<meta property=\"og:title\" content=\"Donaciones - JA Colombia\" \/>\n<meta property=\"og:description\" content=\"Una decisi\u00f3n de cambiar vidas Tus donaci\u00f3n nos permite darle las herramientas a ni\u00f1os y j\u00f3venes para que tomen las riendas de su destino y cambien su futuro.\u00a0 Hacer una donaci\u00f3n Al desarrollar habilidades y fomentar la autoconfianza, preparamos a los j\u00f3venes para el futuro laboral, les ense\u00f1amos a pensar de manera emprendedora y nos [&hellip;]\" \/>\n<meta property=\"og:url\" content=\"https:\/\/jacolombia.org\/en\/donaciones\/\" \/>\n<meta property=\"og:site_name\" content=\"JA Colombia\" \/>\n<meta property=\"article:publisher\" content=\"https:\/\/www.facebook.com\/JAcolombia1\/\" \/>\n<meta property=\"article:modified_time\" content=\"2024-03-15T18:40:57+00:00\" \/>\n<meta name=\"twitter:card\" content=\"summary_large_image\" \/>\n<meta name=\"twitter:label1\" content=\"Est. reading time\" \/>\n\t<meta name=\"twitter:data1\" content=\"1 minute\" \/>\n<script type=\"application\/ld+json\" class=\"yoast-schema-graph\">{\"@context\":\"https:\\\/\\\/schema.org\",\"@graph\":[{\"@type\":\"WebPage\",\"@id\":\"https:\\\/\\\/jacolombia.org\\\/donaciones\\\/\",\"url\":\"https:\\\/\\\/jacolombia.org\\\/donaciones\\\/\",\"name\":\"Donaciones - JA Colombia\",\"isPartOf\":{\"@id\":\"https:\\\/\\\/jacolombia.org\\\/#website\"},\"datePublished\":\"2023-12-11T16:08:58+00:00\",\"dateModified\":\"2024-03-15T18:40:57+00:00\",\"breadcrumb\":{\"@id\":\"https:\\\/\\\/jacolombia.org\\\/donaciones\\\/#breadcrumb\"},\"inLanguage\":\"en-US\",\"potentialAction\":[{\"@type\":\"ReadAction\",\"target\":[\"https:\\\/\\\/jacolombia.org\\\/donaciones\\\/\"]}]},{\"@type\":\"BreadcrumbList\",\"@id\":\"https:\\\/\\\/jacolombia.org\\\/donaciones\\\/#breadcrumb\",\"itemListElement\":[{\"@type\":\"ListItem\",\"position\":1,\"name\":\"Portada\",\"item\":\"https:\\\/\\\/jacolombia.org\\\/\"},{\"@type\":\"ListItem\",\"position\":2,\"name\":\"Donaciones\"}]},{\"@type\":\"WebSite\",\"@id\":\"https:\\\/\\\/jacolombia.org\\\/#website\",\"url\":\"https:\\\/\\\/jacolombia.org\\\/\",\"name\":\"JA Colombia\",\"description\":\"Junior Achievement Colombia, Worldwide Member\",\"publisher\":{\"@id\":\"https:\\\/\\\/jacolombia.org\\\/#organization\"},\"potentialAction\":[{\"@type\":\"SearchAction\",\"target\":{\"@type\":\"EntryPoint\",\"urlTemplate\":\"https:\\\/\\\/jacolombia.org\\\/?s={search_term_string}\"},\"query-input\":{\"@type\":\"PropertyValueSpecification\",\"valueRequired\":true,\"valueName\":\"search_term_string\"}}],\"inLanguage\":\"en-US\"},{\"@type\":\"Organization\",\"@id\":\"https:\\\/\\\/jacolombia.org\\\/#organization\",\"name\":\"Junior Achievement Colombia\",\"url\":\"https:\\\/\\\/jacolombia.org\\\/\",\"logo\":{\"@type\":\"ImageObject\",\"inLanguage\":\"en-US\",\"@id\":\"https:\\\/\\\/jacolombia.org\\\/#\\\/schema\\\/logo\\\/image\\\/\",\"url\":\"https:\\\/\\\/jacolombia.org\\\/wp-content\\\/uploads\\\/2023\\\/11\\\/cropped-cropped-Asset-1@3x.png\",\"contentUrl\":\"https:\\\/\\\/jacolombia.org\\\/wp-content\\\/uploads\\\/2023\\\/11\\\/cropped-cropped-Asset-1@3x.png\",\"width\":929,\"height\":429,\"caption\":\"Junior Achievement Colombia\"},\"image\":{\"@id\":\"https:\\\/\\\/jacolombia.org\\\/#\\\/schema\\\/logo\\\/image\\\/\"},\"sameAs\":[\"https:\\\/\\\/www.facebook.com\\\/JAcolombia1\\\/\",\"https:\\\/\\\/www.linkedin.com\\\/in\\\/junior-achievement-colombia-175854116\\\/?originalSubdomain=co\"]}]}<\/script>\n<!-- \/ Yoast SEO plugin. -->","yoast_head_json":{"title":"Donaciones - JA Colombia","robots":{"index":"index","follow":"follow","max-snippet":"max-snippet:-1","max-image-preview":"max-image-preview:large","max-video-preview":"max-video-preview:-1"},"canonical":"https:\/\/jacolombia.org\/en\/donaciones\/","og_locale":"en_US","og_type":"article","og_title":"Donaciones - JA Colombia","og_description":"Una decisi\u00f3n de cambiar vidas Tus donaci\u00f3n nos permite darle las herramientas a ni\u00f1os y j\u00f3venes para que tomen las riendas de su destino y cambien su futuro.\u00a0 Hacer una donaci\u00f3n Al desarrollar habilidades y fomentar la autoconfianza, preparamos a los j\u00f3venes para el futuro laboral, les ense\u00f1amos a pensar de manera emprendedora y nos [&hellip;]","og_url":"https:\/\/jacolombia.org\/en\/donaciones\/","og_site_name":"JA Colombia","article_publisher":"https:\/\/www.facebook.com\/JAcolombia1\/","article_modified_time":"2024-03-15T18:40:57+00:00","twitter_card":"summary_large_image","twitter_misc":{"Est. reading time":"1 minute"},"schema":{"@context":"https:\/\/schema.org","@graph":[{"@type":"WebPage","@id":"https:\/\/jacolombia.org\/donaciones\/","url":"https:\/\/jacolombia.org\/donaciones\/","name":"Donaciones - JA Colombia","isPartOf":{"@id":"https:\/\/jacolombia.org\/#website"},"datePublished":"2023-12-11T16:08:58+00:00","dateModified":"2024-03-15T18:40:57+00:00","breadcrumb":{"@id":"https:\/\/jacolombia.org\/donaciones\/#breadcrumb"},"inLanguage":"en-US","potentialAction":[{"@type":"ReadAction","target":["https:\/\/jacolombia.org\/donaciones\/"]}]},{"@type":"BreadcrumbList","@id":"https:\/\/jacolombia.org\/donaciones\/#breadcrumb","itemListElement":[{"@type":"ListItem","position":1,"name":"Portada","item":"https:\/\/jacolombia.org\/"},{"@type":"ListItem","position":2,"name":"Donaciones"}]},{"@type":"WebSite","@id":"https:\/\/jacolombia.org\/#website","url":"https:\/\/jacolombia.org\/","name":"JA Colmbia","description":"Junior Achievement Colombia, Worldwide Member","publisher":{"@id":"https:\/\/jacolombia.org\/#organization"},"potentialAction":[{"@type":"SearchAction","target":{"@type":"EntryPoint","urlTemplate":"https:\/\/jacolombia.org\/?s={search_term_string}"},"query-input":{"@type":"PropertyValueSpecification","valueRequired":true,"valueName":"search_term_string"}}],"inLanguage":"en-US"},{"@type":"Organization","@id":"https:\/\/jacolombia.org\/#organization","name":"Junior Achievement Colombia","url":"https:\/\/jacolombia.org\/","logo":{"@type":"ImageObject","inLanguage":"en-US","@id":"https:\/\/jacolombia.org\/#\/schema\/logo\/image\/","url":"https:\/\/jacolombia.org\/wp-content\/uploads\/2023\/11\/cropped-cropped-Asset-1@3x.png","contentUrl":"https:\/\/jacolombia.org\/wp-content\/uploads\/2023\/11\/cropped-cropped-Asset-1@3x.png","width":929,"height":429,"caption":"Junior Achievement Colombia"},"image":{"@id":"https:\/\/jacolombia.org\/#\/schema\/logo\/image\/"},"sameAs":["https:\/\/www.facebook.com\/JAcolombia1\/","https:\/\/www.linkedin.com\/in\/junior-achievement-colombia-175854116\/?originalSubdomain=co"]}]}},"_links":{"self":[{"href":"https:\/\/jacolombia.org\/en\/wp-json\/wp\/v2\/pages\/1871","targetHints":{"allow":["GET"]}}],"collection":[{"href":"https:\/\/jacolombia.org\/en\/wp-json\/wp\/v2\/pages"}],"about":[{"href":"https:\/\/jacolombia.org\/en\/wp-json\/wp\/v2\/types\/page"}],"author":[{"embeddable":true,"href":"https:\/\/jacolombia.org\/en\/wp-json\/wp\/v2\/users\/1"}],"replies":[{"embeddable":true,"href":"https:\/\/jacolombia.org\/en\/wp-json\/wp\/v2\/comments?post=1871"}],"version-history":[{"count":29,"href":"https:\/\/jacolombia.org\/en\/wp-json\/wp\/v2\/pages\/1871\/revisions"}],"predecessor-version":[{"id":3448,"href":"https:\/\/jacolombia.org\/en\/wp-json\/wp\/v2\/pages\/1871\/revisions\/3448"}],"wp:attachment":[{"href":"https:\/\/jacolombia.org\/en\/wp-json\/wp\/v2\/media?parent=1871"}],"curies":[{"name":"wp","href":"https:\/\/api.w.org\/{rel}","templated":true}]}}